{"id":1370,"date":"2024-06-27T13:33:59","date_gmt":"2024-06-27T12:33:59","guid":{"rendered":"https:\/\/thehungryyankee.com\/descobreix-catalunya\/"},"modified":"2024-11-10T23:32:30","modified_gmt":"2024-11-10T22:32:30","slug":"descobreix-catalunya","status":"publish","type":"page","link":"https:\/\/thehungryyankee.com\/ca\/descobreix-catalunya\/","title":{"rendered":"Descobreix Catalunya"},"content":{"rendered":"<p>[et_pb_section fb_built=&#8221;1&#8243; custom_padding_last_edited=&#8221;on|phone&#8221; module_id=&#8221;heroi&#8221; _builder_version=&#8221;4.25.2&#8243; _module_preset=&#8221;default&#8221; background_image=&#8221;https:\/\/thehungryyankee.com\/wp-content\/uploads\/2024\/06\/AdobeStock_418161802-1.png&#8221; height=&#8221;600px&#8221; height_tablet=&#8221;500px&#8221; height_phone=&#8221;500px&#8221; height_last_edited=&#8221;on|tablet&#8221; custom_margin=&#8221;||||false|false&#8221; custom_margin_tablet=&#8221;&#8221; custom_margin_phone=&#8221;0px||0px||false|false&#8221; custom_margin_last_edited=&#8221;on|phone&#8221; custom_padding=&#8221;||||false|false&#8221; custom_padding_tablet=&#8221;&#8221; custom_padding_phone=&#8221;24px||0px||false|false&#8221; background_last_edited=&#8221;on|phone&#8221; background_image_tablet=&#8221;https:\/\/thehungryyankee.com\/wp-content\/uploads\/2024\/07\/AdobeStock_418161802_R.png&#8221; background_image_phone=&#8221;https:\/\/thehungryyankee.com\/wp-content\/uploads\/2024\/07\/AdobeStock_418161802_R.png&#8221; background_enable_image_tablet=&#8221;on&#8221; background_enable_image_phone=&#8221;on&#8221; background_position_phone=&#8221;center&#8221; global_colors_info=&#8221;{}&#8221;][et_pb_row column_structure=&#8221;1_3,2_3&#8243; make_equal=&#8221;on&#8221; _builder_version=&#8221;4.25.2&#8243; _module_preset=&#8221;default&#8221; max_width=&#8221;1400px&#8221; height=&#8221;400px&#8221; global_colors_info=&#8221;{}&#8221;][et_pb_column type=&#8221;1_3&#8243; disabled_on=&#8221;on|on|on&#8221; _builder_version=&#8221;4.25.2&#8243; _module_preset=&#8221;default&#8221; disabled=&#8221;on&#8221; global_colors_info=&#8221;{}&#8221;][et_pb_image src=&#8221;https:\/\/thehungryyankee.com\/wp-content\/uploads\/2024\/06\/aboutMe_pic@2x-1.png&#8221; alt=&#8221;Anthony-David Hadley&#8221; title_text=&#8221;Anthony-David Hadley&#8221; disabled_on=&#8221;on|on|on&#8221; _builder_version=&#8221;4.25.1&#8243; _module_preset=&#8221;default&#8221; disabled=&#8221;on&#8221; global_colors_info=&#8221;{}&#8221;][\/et_pb_image][\/et_pb_column][et_pb_column type=&#8221;2_3&#8243; _builder_version=&#8221;4.25.1&#8243; _module_preset=&#8221;default&#8221; custom_css_main_element=&#8221;margin: auto;&#8221; global_colors_info=&#8221;{}&#8221;][et_pb_text disabled_on=&#8221;off|off|on&#8221; _builder_version=&#8221;4.25.2&#8243; _module_preset=&#8221;default&#8221; header_font=&#8221;Merriweather|800|||||||&#8221; header_text_color=&#8221;#4F334D&#8221; header_font_size=&#8221;46px&#8221; header_line_height=&#8221;48px&#8221; header_2_font=&#8221;Merriweather||||||||&#8221; header_2_font_size=&#8221;27px&#8221; module_alignment=&#8221;right&#8221; custom_margin=&#8221;||-1px|||&#8221; custom_padding=&#8221;|||20%|false|false&#8221; custom_padding_tablet=&#8221;|||20%|false|false&#8221; custom_padding_phone=&#8221;|0%||0%|false|false&#8221; custom_padding_last_edited=&#8221;on|phone&#8221; header_text_align_tablet=&#8221;&#8221; header_text_align_phone=&#8221;center&#8221; header_text_align_last_edited=&#8221;on|phone&#8221; header_font_size_tablet=&#8221;46px&#8221; header_font_size_phone=&#8221;42px&#8221; header_font_size_last_edited=&#8221;on|phone&#8221; module_alignment_tablet=&#8221;right&#8221; module_alignment_phone=&#8221;center&#8221; module_alignment_last_edited=&#8221;on|phone&#8221; global_colors_info=&#8221;{}&#8221;]<\/p>\n<h1 style=\"text-align: center;\"><span style=\"color: #ffffff;\">Descobreix<\/span><br \/><span class=\"realistic-marker-highlight\">Catalunya<\/span><\/h1>\n<p>[\/et_pb_text][et_pb_text disabled_on=&#8221;on|on|off&#8221; _builder_version=&#8221;4.26.0&#8243; _module_preset=&#8221;default&#8221; header_font=&#8221;Merriweather|800|||||||&#8221; header_text_color=&#8221;#4F334D&#8221; header_font_size=&#8221;46px&#8221; header_line_height=&#8221;48px&#8221; header_2_font=&#8221;Merriweather||||||||&#8221; header_2_font_size=&#8221;27px&#8221; module_alignment=&#8221;right&#8221; custom_margin=&#8221;||2px||false|false&#8221; custom_padding=&#8221;|||140px|false|false&#8221; header_font_size_tablet=&#8221;46px&#8221; header_font_size_phone=&#8221;42px&#8221; header_font_size_last_edited=&#8221;on|phone&#8221; global_colors_info=&#8221;{}&#8221;]<\/p>\n<h1 style=\"text-align: center;\"><span class=\"realistic-marker-highlight\">Descobreix Catalunya<\/span><\/h1>\n<p>[\/et_pb_text][et_pb_text disabled_on=&#8221;on|on|off&#8221; _builder_version=&#8221;4.26.0&#8243; _module_preset=&#8221;default&#8221; header_font=&#8221;Merriweather|800|||||||&#8221; header_text_color=&#8221;#4F334D&#8221; header_font_size=&#8221;46px&#8221; header_line_height=&#8221;48px&#8221; header_2_font=&#8221;Merriweather||||||||&#8221; header_2_font_size=&#8221;27px&#8221; module_alignment=&#8221;right&#8221; custom_padding=&#8221;|||140px|false|false&#8221; custom_padding_tablet=&#8221;|||20%|false|false&#8221; custom_padding_phone=&#8221;|||0%|false|false&#8221; custom_padding_last_edited=&#8221;on|phone&#8221; header_font_size_tablet=&#8221;46px&#8221; header_font_size_phone=&#8221;42px&#8221; header_font_size_last_edited=&#8221;on|phone&#8221; header_2_font_size_tablet=&#8221;27px&#8221; header_2_font_size_phone=&#8221;18px&#8221; header_2_font_size_last_edited=&#8221;on|phone&#8221; global_colors_info=&#8221;{}&#8221; custom_css_main_element_last_edited=&#8221;on|phone&#8221; custom_css_main_element_phone=&#8221;display: auto;&#8221; custom_css_main_element_tablet=&#8221;display: flex;&#8221;]<\/p>\n<h2 style=\"text-align: center;\"><span class=\"realistic-marker\">Catalunya vista amb els ulls<br \/>\n<\/span><\/h2>\n<h2 style=\"text-align: center;\"><span class=\"realistic-marker\">d\u2019un estatunidenc<\/span><\/h2>\n<p>[\/et_pb_text][et_pb_text disabled_on=&#8221;off|off|on&#8221; _builder_version=&#8221;4.26.0&#8243; _module_preset=&#8221;default&#8221; header_font=&#8221;Merriweather|800|||||||&#8221; header_text_color=&#8221;#4F334D&#8221; header_font_size=&#8221;46px&#8221; header_line_height=&#8221;48px&#8221; header_2_font=&#8221;Merriweather||||||||&#8221; header_2_font_size=&#8221;27px&#8221; module_alignment=&#8221;right&#8221; custom_padding=&#8221;|||190px|false|false&#8221; custom_padding_tablet=&#8221;|||20%|false|false&#8221; custom_padding_phone=&#8221;|||0%|false|false&#8221; custom_padding_last_edited=&#8221;on|phone&#8221; header_font_size_tablet=&#8221;46px&#8221; header_font_size_phone=&#8221;42px&#8221; header_font_size_last_edited=&#8221;on|phone&#8221; header_2_font_size_tablet=&#8221;27px&#8221; header_2_font_size_phone=&#8221;18px&#8221; header_2_font_size_last_edited=&#8221;on|phone&#8221; global_colors_info=&#8221;{}&#8221; custom_css_main_element_last_edited=&#8221;on|desktop&#8221;]<\/p>\n<h2 style=\"text-align: center;\"><span class=\"realistic-marker\">Catalunya vista amb els ulls<br \/><\/span><\/h2>\n<h2 style=\"text-align: center;\"><span class=\"realistic-marker\">d\u2019un estatunidenc<\/span><\/h2>\n<p>[\/et_pb_text][\/et_pb_column][\/et_pb_row][\/et_pb_section][et_pb_section fb_built=&#8221;1&#8243; custom_padding_last_edited=&#8221;on|phone&#8221; admin_label=&#8221;Body Text and Sidebar&#8221; _builder_version=&#8221;4.25.2&#8243; _module_preset=&#8221;default&#8221; custom_padding=&#8221;80px||0px|||&#8221; custom_padding_tablet=&#8221;80px||0px|||&#8221; custom_padding_phone=&#8221;40px||0px||false|false&#8221; global_colors_info=&#8221;{}&#8221;][et_pb_row column_structure=&#8221;2_3,1_3&#8243; _builder_version=&#8221;4.25.1&#8243; _module_preset=&#8221;default&#8221; custom_margin=&#8221;||||false|false&#8221; global_colors_info=&#8221;{}&#8221;][et_pb_column type=&#8221;2_3&#8243; _builder_version=&#8221;4.25.1&#8243; _module_preset=&#8221;default&#8221; global_colors_info=&#8221;{}&#8221;][et_pb_text _builder_version=&#8221;4.26.0&#8243; _module_preset=&#8221;default&#8221; header_3_font=&#8221;&#8211;et_global_body_font|700|||||||&#8221; header_3_text_color=&#8221;#7FC0C1&#8243; header_3_font_size=&#8221;30px&#8221; header_3_line_height=&#8221;38px&#8221; custom_margin=&#8221;||0px|||&#8221; header_3_text_align_tablet=&#8221;&#8221; header_3_text_align_phone=&#8221;center&#8221; header_3_text_align_last_edited=&#8221;on|phone&#8221; header_3_font_size_tablet=&#8221;30px&#8221; header_3_font_size_phone=&#8221;24px&#8221; header_3_font_size_last_edited=&#8221;on|phone&#8221; header_3_line_height_tablet=&#8221;2em&#8221; header_3_line_height_phone=&#8221;28px&#8221; header_3_line_height_last_edited=&#8221;on|phone&#8221; global_colors_info=&#8221;{}&#8221;]<\/p>\n<h3>\ud83e\udded ELS MEUS INDRETS PREFERITS A CATALUNYA<\/h3>\n<p>[\/et_pb_text][et_pb_text _builder_version=&#8221;4.25.2&#8243; _module_preset=&#8221;default&#8221; text_font=&#8221;Merriweather|&#8211;et_global_heading_font_weight|||||||&#8221; custom_margin=&#8221;||40px|||&#8221; text_orientation_tablet=&#8221;&#8221; text_orientation_phone=&#8221;center&#8221; text_orientation_last_edited=&#8221;on|phone&#8221; global_colors_info=&#8221;{}&#8221;]<\/p>\n<p>Aquests s\u00f3n alguns dels meus llocs preferits arreu de Catalunya i els voltants.<\/p>\n<p>[\/et_pb_text][et_pb_blog posts_number=&#8221;4&#8243; include_categories=&#8221;82&#8243; _builder_version=&#8221;4.27.2&#8243; _module_preset=&#8221;c4ecee2a-f50b-4f71-b34e-cb44a5a68f28&#8243; hover_enabled=&#8221;0&#8243; global_colors_info=&#8221;{}&#8221; sticky_enabled=&#8221;0&#8243;][\/et_pb_blog][\/et_pb_column][et_pb_column type=&#8221;1_3&#8243; disabled_on=&#8221;on|on|off&#8221; _builder_version=&#8221;4.25.1&#8243; _module_preset=&#8221;default&#8221; sticky_limit_bottom=&#8221;section&#8221; motion_trigger_start=&#8221;bottom&#8221; sticky_position_tablet=&#8221;none&#8221; sticky_position_phone=&#8221;none&#8221; sticky_position_last_edited=&#8221;on|desktop&#8221; global_colors_info=&#8221;{}&#8221;][et_pb_image src=&#8221;https:\/\/thehungryyankee.com\/wp-content\/uploads\/2024\/06\/aboutMe_pic@2x-1.png&#8221; alt=&#8221;Aquarel\u00b7la sobre mi&#8221; title_text=&#8221;Aquarel\u00b7la sobre mi&#8221; force_fullwidth=&#8221;on&#8221; admin_label=&#8221;About me image&#8221; _builder_version=&#8221;4.25.1&#8243; _module_preset=&#8221;default&#8221; background_image=&#8221;https:\/\/thehungryyankee.com\/wp-content\/uploads\/2024\/06\/aboutMe_background@2x-1.png&#8221; background_size=&#8221;stretch&#8221; module_alignment=&#8221;center&#8221; custom_margin=&#8221;|0px||0px|false|false&#8221; custom_padding=&#8221;|16%||16%|true|true&#8221; border_radii=&#8221;on|50%|50%|50%|50%&#8221; border_width_all=&#8221;2px&#8221; border_color_all=&#8221;#FFFFFF&#8221; global_colors_info=&#8221;{}&#8221;][\/et_pb_image][et_pb_text admin_label=&#8221;About me text&#8221; _builder_version=&#8221;4.25.1&#8243; _module_preset=&#8221;default&#8221; text_font=&#8221;Merriweather||||||||&#8221; text_font_size=&#8221;16px&#8221; text_line_height=&#8221;24px&#8221; header_4_font=&#8221;Merriweather|900|||||||&#8221; header_4_text_color=&#8221;#343434&#8243; header_4_font_size=&#8221;26px&#8221; custom_margin=&#8221;||22px|||&#8221; global_colors_info=&#8221;{}&#8221;]<\/p>\n<h4>Sobre mi<\/h4>\n<p><em>I&#8217;m Anthony, the Hungry Yankee! <\/em><br \/>S\u00f3c un noi d&#8217;un poble petit de Calif\u00f2rnia que es va instal\u00b7lar a la gran ciutat de Barcelona l&#8217;any 2006. Acompanya&#8217;ns a mi i a la meva petita companya peludeta, la Mimosa, mentre preparo <span>\u00e0pats casolans tant de la meva terra natal, els EUA, com de la meva terra adoptiva, Catalunya.<\/span><br \/><em><strong>Bon profit!<\/strong><\/em> <span>\ud83e\udd58\ud83c\udf77<\/span><\/p>\n<p>[\/et_pb_text][et_pb_text admin_label=&#8221;Read more link&#8221; _builder_version=&#8221;4.25.1&#8243; _dynamic_attributes=&#8221;link_option_url&#8221; _module_preset=&#8221;default&#8221; text_font=&#8221;||||on|||#33CCCC|&#8221; text_text_color=&#8221;#33CCCC&#8221; text_font_size=&#8221;16px&#8221; custom_margin=&#8221;-12px|||||&#8221; link_option_url=&#8221;@ET-DC@eyJkeW5hbWljIjp0cnVlLCJjb250ZW50IjoicG9zdF9saW5rX3VybF9wYWdlIiwic2V0dGluZ3MiOnsicG9zdF9pZCI6IjgwIiwiZW5hYmxlX2h0bWwiOiJvZmYifX0=@&#8221; global_colors_info=&#8221;{}&#8221;]<\/p>\n<p>Llegeix-ne m\u00e9s<\/p>\n<p>[\/et_pb_text][et_pb_text admin_label=&#8221;Text&#8221; _builder_version=&#8221;4.25.1&#8243; _module_preset=&#8221;default&#8221; text_font=&#8221;Merriweather|900|||||||&#8221; text_text_color=&#8221;#343434&#8243; text_font_size=&#8221;26px&#8221; background_color=&#8221;rgba(215,189,209,0.5)&#8221; custom_margin=&#8221;||0px||false|false&#8221; custom_padding=&#8221;48px||24px|38px|false|false&#8221; border_radii=&#8221;off|8px|8px||&#8221; global_colors_info=&#8221;{}&#8221;]<\/p>\n<p>Segueix-me<\/p>\n<p>[\/et_pb_text][et_pb_social_media_follow use_icon_font_size=&#8221;on&#8221; icon_font_size=&#8221;18px&#8221; _builder_version=&#8221;4.25.1&#8243; _module_preset=&#8221;default&#8221; background_color=&#8221;rgba(215,189,209,0.5)&#8221; text_orientation=&#8221;left&#8221; custom_margin=&#8221;0px||0px||false|false&#8221; custom_padding=&#8221;|||38px|false|false&#8221; border_radii=&#8221;on|20px|20px|20px|20px&#8221; global_colors_info=&#8221;{}&#8221;][et_pb_social_media_follow_network social_network=&#8221;instagram&#8221; url=&#8221;https:\/\/www.instagram.com\/thehungryyankee\/&#8221; icon_color=&#8221;#764f73&#8243; _builder_version=&#8221;4.25.1&#8243; _module_preset=&#8221;default&#8221; background_color=&#8221;#FFFFFF&#8221; background_enable_color=&#8221;on&#8221; global_colors_info=&#8221;{}&#8221; follow_button=&#8221;off&#8221; url_new_window=&#8221;on&#8221;]instagram[\/et_pb_social_media_follow_network][et_pb_social_media_follow_network social_network=&#8221;twitter&#8221; url=&#8221;https:\/\/x.com\/thehungryyankee&#8221; icon_color=&#8221;#764f73&#8243; _builder_version=&#8221;4.25.1&#8243; _module_preset=&#8221;default&#8221; background_color=&#8221;#FFFFFF&#8221; background_enable_color=&#8221;on&#8221; global_colors_info=&#8221;{}&#8221; follow_button=&#8221;off&#8221; url_new_window=&#8221;on&#8221;]X[\/et_pb_social_media_follow_network][et_pb_social_media_follow_network social_network=&#8221;youtube&#8221; url=&#8221;https:\/\/www.youtube.com\/@thehungryyankee&#8221; icon_color=&#8221;#764f73&#8243; _builder_version=&#8221;4.25.1&#8243; _module_preset=&#8221;default&#8221; background_color=&#8221;#FFFFFF&#8221; background_enable_color=&#8221;on&#8221; global_colors_info=&#8221;{}&#8221; follow_button=&#8221;off&#8221; url_new_window=&#8221;on&#8221;]youtube[\/et_pb_social_media_follow_network][et_pb_social_media_follow_network social_network=&#8221;tiktok&#8221; url=&#8221;https:\/\/www.tiktok.com\/@thehungryyankee?_t=8nF646OwjpY&#038;_r=1&#8243; icon_color=&#8221;#764f73&#8243; _builder_version=&#8221;4.25.1&#8243; _module_preset=&#8221;default&#8221; background_color=&#8221;#FFFFFF&#8221; background_enable_color=&#8221;on&#8221; global_colors_info=&#8221;{}&#8221; follow_button=&#8221;off&#8221; url_new_window=&#8221;on&#8221;]tiktok[\/et_pb_social_media_follow_network][\/et_pb_social_media_follow][et_pb_signup provider=&#8221;hubspot&#8221; hubspot_list=&#8221;add_new_account&#8221; first_name_field=&#8221;off&#8221; last_name_field=&#8221;off&#8221; button_text=&#8221;Subscriu-t&#8217;hi&#8221; description=&#8221;<\/p>\n<p>Subscriu-te al butllet\u00ed per rebre les darreres receptes.<\/p>\n<p>&#8221; _builder_version=&#8221;4.26.0&#8243; _module_preset=&#8221;default&#8221; header_level=&#8221;h3&#8243; header_font=&#8221;Merriweather|900|||||||&#8221; header_text_color=&#8221;#343434&#8243; header_font_size=&#8221;26px&#8221; body_font=&#8221;Merriweather||||||||&#8221; body_text_color=&#8221;#343434&#8243; body_font_size=&#8221;14px&#8221; body_line_height=&#8221;29px&#8221; background_color=&#8221;rgba(215,189,209,0.5)&#8221; custom_button=&#8221;on&#8221; button_text_color=&#8221;#764F73&#8243; button_bg_color=&#8221;RGBA(255,255,255,0)&#8221; button_bg_enable_image=&#8221;off&#8221; button_bg_blend=&#8221;soft-light&#8221; button_border_color=&#8221;#764F73&#8243; button_border_radius=&#8221;8px&#8221; button_font=&#8221;&#8211;et_global_body_font|700|||||||&#8221; button_custom_padding=&#8221;12px||12px||true|false&#8221; custom_padding=&#8221;|38px|48px|38px|false|true&#8221; border_radii=&#8221;off|||8px|8px&#8221; global_colors_info=&#8221;{}&#8221;][\/et_pb_signup][\/et_pb_column][\/et_pb_row][\/et_pb_section][et_pb_section fb_built=&#8221;1&#8243; _builder_version=&#8221;4.25.1&#8243; _module_preset=&#8221;default&#8221; background_image=&#8221;https:\/\/thehungryyankee.com\/wp-content\/uploads\/2024\/06\/watercolor_green@2x.png&#8221; background_position=&#8221;bottom_center&#8221; global_colors_info=&#8221;{}&#8221;][et_pb_row custom_padding_last_edited=&#8221;on|phone&#8221; _builder_version=&#8221;4.25.2&#8243; _module_preset=&#8221;default&#8221; custom_padding_tablet=&#8221;&#8221; custom_padding_phone=&#8221;0px||||false|false&#8221; global_colors_info=&#8221;{}&#8221;][et_pb_column type=&#8221;4_4&#8243; _builder_version=&#8221;4.25.1&#8243; _module_preset=&#8221;default&#8221; global_colors_info=&#8221;{}&#8221;][et_pb_text _builder_version=&#8221;4.27.2&#8243; _module_preset=&#8221;default&#8221; header_3_font=&#8221;Merriweather|900|||||||&#8221; header_3_text_color=&#8221;#343434&#8243; header_3_font_size=&#8221;30px&#8221; custom_margin=&#8221;||-1px|||&#8221; custom_padding=&#8221;||7px|||&#8221; hover_enabled=&#8221;0&#8243; header_3_text_align_tablet=&#8221;center&#8221; header_3_text_align_phone=&#8221;center&#8221; header_3_text_align_last_edited=&#8221;on|tablet&#8221; header_3_font_size_tablet=&#8221;30px&#8221; header_3_font_size_phone=&#8221;24px&#8221; header_3_font_size_last_edited=&#8221;on|phone&#8221; header_3_line_height_tablet=&#8221;&#8221; header_3_line_height_phone=&#8221;28px&#8221; header_3_line_height_last_edited=&#8221;on|phone&#8221; global_colors_info=&#8221;{}&#8221; sticky_enabled=&#8221;0&#8243;]<\/p>\n<h3>Altres indrets que et poden agradar&#8230;<\/h3>\n<p>[\/et_pb_text][et_pb_divider color=&#8221;#d8e3c7&#8243; module_class=&#8221;random-posts&#8221; _builder_version=&#8221;4.25.1&#8243; _module_preset=&#8221;default&#8221; max_width=&#8221;70%&#8221; max_width_tablet=&#8221;90%&#8221; max_width_phone=&#8221;90%&#8221; max_width_last_edited=&#8221;on|tablet&#8221; module_alignment=&#8221;left&#8221; custom_padding=&#8221;||0px|||&#8221; module_alignment_tablet=&#8221;center&#8221; module_alignment_phone=&#8221;center&#8221; module_alignment_last_edited=&#8221;on|desktop&#8221; global_colors_info=&#8221;{}&#8221;][\/et_pb_divider][et_pb_blog posts_number=&#8221;3&#8243; include_categories=&#8221;82&#8243; _builder_version=&#8221;4.27.2&#8243; _module_preset=&#8221;f78dba7f-e174-4079-8c4e-99fffb918393&#8243; hover_enabled=&#8221;0&#8243; global_colors_info=&#8221;{}&#8221; sticky_enabled=&#8221;0&#8243;][\/et_pb_blog][\/et_pb_column][\/et_pb_row][\/et_pb_section]<\/p>\n","protected":false},"excerpt":{"rendered":"<p>DescobreixCatalunyaDescobreix CatalunyaCatalunya vista amb els ulls d\u2019un estatunidencCatalunya vista amb els ulls d\u2019un estatunidenc\ud83e\udded ELS MEUS INDRETS PREFERITS A CATALUNYAAquests s\u00f3n alguns dels meus llocs preferits arreu de Catalunya i els voltants.Sobre mi I&#8217;m Anthony, the Hungry Yankee! S\u00f3c un noi d&#8217;un poble petit de Calif\u00f2rnia que es va instal\u00b7lar a la gran ciutat de [&hellip;]<\/p>\n","protected":false},"author":2,"featured_media":0,"parent":0,"menu_order":0,"comment_status":"closed","ping_status":"closed","template":"","meta":{"_et_pb_use_builder":"on","_et_pb_old_content":"","_et_gb_content_width":"","_uf_show_specific_survey":0,"_uf_disable_surveys":false,"footnotes":""},"class_list":["post-1370","page","type-page","status-publish","hentry"],"yoast_head":"<!-- This site is optimized with the Yoast SEO plugin v27.5 - https:\/\/yoast.com\/product\/yoast-seo-wordpress\/ -->\n<title>Descobreix Catalunya - The Hungry Yankee<\/title>\n<meta name=\"robots\" content=\"index, follow, max-snippet:-1, max-image-preview:large, max-video-preview:-1\" \/>\n<link rel=\"canonical\" href=\"https:\/\/thehungryyankee.com\/ca\/descobreix-catalunya\/\" \/>\n<meta property=\"og:locale\" content=\"ca_ES\" \/>\n<meta property=\"og:type\" content=\"article\" \/>\n<meta property=\"og:title\" content=\"Descobreix Catalunya - The Hungry Yankee\" \/>\n<meta property=\"og:description\" content=\"DescobreixCatalunyaDescobreix CatalunyaCatalunya vista amb els ulls d\u2019un estatunidencCatalunya vista amb els ulls d\u2019un estatunidenc\ud83e\udded ELS MEUS INDRETS PREFERITS A CATALUNYAAquests s\u00f3n alguns dels meus llocs preferits arreu de Catalunya i els voltants.Sobre mi I&#039;m Anthony, the Hungry Yankee! S\u00f3c un noi d&#039;un poble petit de Calif\u00f2rnia que es va instal\u00b7lar a la gran ciutat de [&hellip;]\" \/>\n<meta property=\"og:url\" content=\"https:\/\/thehungryyankee.com\/ca\/descobreix-catalunya\/\" \/>\n<meta property=\"og:site_name\" content=\"The Hungry Yankee\" \/>\n<meta property=\"article:modified_time\" content=\"2024-11-10T22:32:30+00:00\" \/>\n<meta name=\"twitter:card\" content=\"summary_large_image\" \/>\n<meta name=\"twitter:label1\" content=\"Temps estimat de lectura\" \/>\n\t<meta name=\"twitter:data1\" content=\"9 minuts\" \/>\n<script type=\"application\/ld+json\" class=\"yoast-schema-graph\">{\"@context\":\"https:\\\/\\\/schema.org\",\"@graph\":[{\"@type\":\"WebPage\",\"@id\":\"https:\\\/\\\/thehungryyankee.com\\\/ca\\\/descobreix-catalunya\\\/\",\"url\":\"https:\\\/\\\/thehungryyankee.com\\\/ca\\\/descobreix-catalunya\\\/\",\"name\":\"Descobreix Catalunya - The Hungry Yankee\",\"isPartOf\":{\"@id\":\"https:\\\/\\\/thehungryyankee.com\\\/ca\\\/#website\"},\"datePublished\":\"2024-06-27T12:33:59+00:00\",\"dateModified\":\"2024-11-10T22:32:30+00:00\",\"breadcrumb\":{\"@id\":\"https:\\\/\\\/thehungryyankee.com\\\/ca\\\/descobreix-catalunya\\\/#breadcrumb\"},\"inLanguage\":\"ca\",\"potentialAction\":[{\"@type\":\"ReadAction\",\"target\":[\"https:\\\/\\\/thehungryyankee.com\\\/ca\\\/descobreix-catalunya\\\/\"]}]},{\"@type\":\"BreadcrumbList\",\"@id\":\"https:\\\/\\\/thehungryyankee.com\\\/ca\\\/descobreix-catalunya\\\/#breadcrumb\",\"itemListElement\":[{\"@type\":\"ListItem\",\"position\":1,\"name\":\"Home\",\"item\":\"https:\\\/\\\/thehungryyankee.com\\\/ca\\\/\"},{\"@type\":\"ListItem\",\"position\":2,\"name\":\"Descobreix Catalunya\"}]},{\"@type\":\"WebSite\",\"@id\":\"https:\\\/\\\/thehungryyankee.com\\\/ca\\\/#website\",\"url\":\"https:\\\/\\\/thehungryyankee.com\\\/ca\\\/\",\"name\":\"The Hungry Yankee\",\"description\":\"Food from Catalonia and the United States\",\"potentialAction\":[{\"@type\":\"SearchAction\",\"target\":{\"@type\":\"EntryPoint\",\"urlTemplate\":\"https:\\\/\\\/thehungryyankee.com\\\/ca\\\/?s={search_term_string}\"},\"query-input\":{\"@type\":\"PropertyValueSpecification\",\"valueRequired\":true,\"valueName\":\"search_term_string\"}}],\"inLanguage\":\"ca\"}]}<\/script>\n<!-- \/ Yoast SEO plugin. -->","yoast_head_json":{"title":"Descobreix Catalunya - The Hungry Yankee","robots":{"index":"index","follow":"follow","max-snippet":"max-snippet:-1","max-image-preview":"max-image-preview:large","max-video-preview":"max-video-preview:-1"},"canonical":"https:\/\/thehungryyankee.com\/ca\/descobreix-catalunya\/","og_locale":"ca_ES","og_type":"article","og_title":"Descobreix Catalunya - The Hungry Yankee","og_description":"DescobreixCatalunyaDescobreix CatalunyaCatalunya vista amb els ulls d\u2019un estatunidencCatalunya vista amb els ulls d\u2019un estatunidenc\ud83e\udded ELS MEUS INDRETS PREFERITS A CATALUNYAAquests s\u00f3n alguns dels meus llocs preferits arreu de Catalunya i els voltants.Sobre mi I'm Anthony, the Hungry Yankee! S\u00f3c un noi d'un poble petit de Calif\u00f2rnia que es va instal\u00b7lar a la gran ciutat de [&hellip;]","og_url":"https:\/\/thehungryyankee.com\/ca\/descobreix-catalunya\/","og_site_name":"The Hungry Yankee","article_modified_time":"2024-11-10T22:32:30+00:00","twitter_card":"summary_large_image","twitter_misc":{"Temps estimat de lectura":"9 minuts"},"schema":{"@context":"https:\/\/schema.org","@graph":[{"@type":"WebPage","@id":"https:\/\/thehungryyankee.com\/ca\/descobreix-catalunya\/","url":"https:\/\/thehungryyankee.com\/ca\/descobreix-catalunya\/","name":"Descobreix Catalunya - The Hungry Yankee","isPartOf":{"@id":"https:\/\/thehungryyankee.com\/ca\/#website"},"datePublished":"2024-06-27T12:33:59+00:00","dateModified":"2024-11-10T22:32:30+00:00","breadcrumb":{"@id":"https:\/\/thehungryyankee.com\/ca\/descobreix-catalunya\/#breadcrumb"},"inLanguage":"ca","potentialAction":[{"@type":"ReadAction","target":["https:\/\/thehungryyankee.com\/ca\/descobreix-catalunya\/"]}]},{"@type":"BreadcrumbList","@id":"https:\/\/thehungryyankee.com\/ca\/descobreix-catalunya\/#breadcrumb","itemListElement":[{"@type":"ListItem","position":1,"name":"Home","item":"https:\/\/thehungryyankee.com\/ca\/"},{"@type":"ListItem","position":2,"name":"Descobreix Catalunya"}]},{"@type":"WebSite","@id":"https:\/\/thehungryyankee.com\/ca\/#website","url":"https:\/\/thehungryyankee.com\/ca\/","name":"The Hungry Yankee","description":"Food from Catalonia and the United States","potentialAction":[{"@type":"SearchAction","target":{"@type":"EntryPoint","urlTemplate":"https:\/\/thehungryyankee.com\/ca\/?s={search_term_string}"},"query-input":{"@type":"PropertyValueSpecification","valueRequired":true,"valueName":"search_term_string"}}],"inLanguage":"ca"}]}},"_links":{"self":[{"href":"https:\/\/thehungryyankee.com\/ca\/wp-json\/wp\/v2\/pages\/1370","targetHints":{"allow":["GET"]}}],"collection":[{"href":"https:\/\/thehungryyankee.com\/ca\/wp-json\/wp\/v2\/pages"}],"about":[{"href":"https:\/\/thehungryyankee.com\/ca\/wp-json\/wp\/v2\/types\/page"}],"author":[{"embeddable":true,"href":"https:\/\/thehungryyankee.com\/ca\/wp-json\/wp\/v2\/users\/2"}],"replies":[{"embeddable":true,"href":"https:\/\/thehungryyankee.com\/ca\/wp-json\/wp\/v2\/comments?post=1370"}],"version-history":[{"count":13,"href":"https:\/\/thehungryyankee.com\/ca\/wp-json\/wp\/v2\/pages\/1370\/revisions"}],"predecessor-version":[{"id":2625,"href":"https:\/\/thehungryyankee.com\/ca\/wp-json\/wp\/v2\/pages\/1370\/revisions\/2625"}],"wp:attachment":[{"href":"https:\/\/thehungryyankee.com\/ca\/wp-json\/wp\/v2\/media?parent=1370"}],"curies":[{"name":"wp","href":"https:\/\/api.w.org\/{rel}","templated":true}]}}